{"id":26375,"date":"2024-06-17T11:42:25","date_gmt":"2024-06-17T09:42:25","guid":{"rendered":"https:\/\/www.dev-dualoo.ch\/?page_id=26375"},"modified":"2025-11-18T17:07:15","modified_gmt":"2025-11-18T16:07:15","slug":"sicherheit-und-berechtigungen","status":"publish","type":"page","link":"https:\/\/www.dev-dualoo.ch\/de\/funktionen\/sicherheit-und-berechtigungen\/","title":{"rendered":"Sicherheit &amp; Berechtigungen"},"content":{"rendered":"\t\t<div data-elementor-type=\"wp-page\" data-elementor-id=\"26375\" class=\"elementor elementor-26375\" data-elementor-post-type=\"page\">\n\t\t\t\t<div class=\"elementor-element elementor-element-5c21e90 e-flex e-con-boxed e-con e-parent\" data-id=\"5c21e90\" data-element_type=\"container\">\n\t\t\t\t\t<div class=\"e-con-inner\">\n\t\t<div class=\"elementor-element elementor-element-0505bfe e-con-full e-flex e-con e-child\" data-id=\"0505bfe\" data-element_type=\"container\">\n\t\t\t\t<div class=\"elementor-element elementor-element-6c735ff elementor-widget elementor-widget-heading\" data-id=\"6c735ff\" data-element_type=\"widget\" data-widget_type=\"heading.default\">\n\t\t\t\t<div class=\"elementor-widget-container\">\n\t\t\t\t\t<h1 class=\"elementor-heading-title elementor-size-default\">Ihre Daten in sicheren H\u00e4nden<\/h1>\t\t\t\t<\/div>\n\t\t\t\t<\/div>\n\t\t\t\t<div class=\"elementor-element elementor-element-8716df4 elementor-widget elementor-widget-text-editor\" data-id=\"8716df4\" data-element_type=\"widget\" data-widget_type=\"text-editor.default\">\n\t\t\t\t<div class=\"elementor-widget-container\">\n\t\t\t\t\t\t\t\t\t<p>Effizientes Zugriffsmanagement und umfassende Sicherheitsvorkehrungen sind entscheidend f\u00fcr den Schutz sensibler Daten. Unsere Funktionen wie 2-Faktor-Authentifizierung und Verschl\u00fcsselung sorgen daf\u00fcr, dass Ihre Daten jederzeit gesch\u00fctzt sind und nur berechtigte Personen darauf zugreifen k\u00f6nnen. Schaffen Sie einen sicheren Rahmen f\u00fcr Ihre Rekrutierungsprozesse.<\/p>\t\t\t\t\t\t\t\t<\/div>\n\t\t\t\t<\/div>\n\t\t\t\t<div class=\"elementor-element elementor-element-28da982 elementor-widget__width-initial elementor-widget elementor-widget-image\" data-id=\"28da982\" data-element_type=\"widget\" data-widget_type=\"image.default\">\n\t\t\t\t<div class=\"elementor-widget-container\">\n\t\t\t\t\t\t\t\t\t\t\t\t\t\t\t<img fetchpriority=\"high\" decoding=\"async\" width=\"1330\" height=\"798\" src=\"https:\/\/www.dev-dualoo.ch\/wp-content\/uploads\/2025\/03\/sicherheit-und-berechtigungen.webp\" class=\"attachment-full size-full wp-image-32861\" alt=\"Schematische Darstellung f\u00fcr Sicherheit und Berechtigungen im Recruiting\" srcset=\"https:\/\/www.dev-dualoo.ch\/wp-content\/uploads\/2025\/03\/sicherheit-und-berechtigungen.webp 1330w, https:\/\/www.dev-dualoo.ch\/wp-content\/uploads\/2025\/03\/sicherheit-und-berechtigungen-300x180.webp 300w, https:\/\/www.dev-dualoo.ch\/wp-content\/uploads\/2025\/03\/sicherheit-und-berechtigungen-1024x614.webp 1024w, https:\/\/www.dev-dualoo.ch\/wp-content\/uploads\/2025\/03\/sicherheit-und-berechtigungen-768x461.webp 768w\" sizes=\"(max-width: 1330px) 100vw, 1330px\" \/>\t\t\t\t\t\t\t\t\t\t\t\t\t\t\t<\/div>\n\t\t\t\t<\/div>\n\t\t\t\t<\/div>\n\t\t<div class=\"elementor-element elementor-element-1e304f1 e-con-full e-flex e-con e-child\" data-id=\"1e304f1\" data-element_type=\"container\">\n\t\t\t\t<div class=\"elementor-element elementor-element-e5c7f6d elementor-widget elementor-widget-heading\" data-id=\"e5c7f6d\" data-element_type=\"widget\" data-widget_type=\"heading.default\">\n\t\t\t\t<div class=\"elementor-widget-container\">\n\t\t\t\t\t<h2 class=\"elementor-heading-title elementor-size-default\">Benutzerrechte und Rollen<\/h2>\t\t\t\t<\/div>\n\t\t\t\t<\/div>\n\t\t\t\t<div class=\"elementor-element elementor-element-f5d0de1 elementor-widget elementor-widget-text-editor\" data-id=\"f5d0de1\" data-element_type=\"widget\" data-widget_type=\"text-editor.default\">\n\t\t\t\t<div class=\"elementor-widget-container\">\n\t\t\t\t\t\t\t\t\t<p>Dualoo erm\u00f6glicht eine pr\u00e4zise Rechtevergabe basierend auf vier zentralen Rollen: Admin, HR-Manager, Recruiter und bewertende Person.\u00a0Diese differenzierte Rollenverteilung stellt sicher, dass jede*r Nutzer*in genau die Zugriffsrechte erh\u00e4lt, die ben\u00f6tigt werden.<\/p>\t\t\t\t\t\t\t\t<\/div>\n\t\t\t\t<\/div>\n\t\t\t\t<div class=\"elementor-element elementor-element-77ee9cc elementor-widget elementor-widget-heading\" data-id=\"77ee9cc\" data-element_type=\"widget\" data-widget_type=\"heading.default\">\n\t\t\t\t<div class=\"elementor-widget-container\">\n\t\t\t\t\t<h4 class=\"elementor-heading-title elementor-size-default\">Ihre Vorteile<\/h4>\t\t\t\t<\/div>\n\t\t\t\t<\/div>\n\t\t\t\t<div class=\"elementor-element elementor-element-9e60023 elementor-widget elementor-widget-text-editor\" data-id=\"9e60023\" data-element_type=\"widget\" data-widget_type=\"text-editor.default\">\n\t\t\t\t<div class=\"elementor-widget-container\">\n\t\t\t\t\t\t\t\t\t<ul><li>Individuelle Rollenvergabe<\/li><li>Sicherer Zugriff mit Passwort und optionaler 2-Faktor-Authentifizierung<\/li><li>Spezifische Rollen wie Hauptkontakt oder Kontaktperson Datenschutz<\/li><\/ul>\t\t\t\t\t\t\t\t<\/div>\n\t\t\t\t<\/div>\n\t\t\t\t<\/div>\n\t\t<div class=\"elementor-element elementor-element-d671053 e-con-full e-flex e-con e-child\" data-id=\"d671053\" data-element_type=\"container\">\n\t\t\t\t<div class=\"elementor-element elementor-element-4a561bc elementor-widget elementor-widget-heading\" data-id=\"4a561bc\" data-element_type=\"widget\" data-widget_type=\"heading.default\">\n\t\t\t\t<div class=\"elementor-widget-container\">\n\t\t\t\t\t<h2 class=\"elementor-heading-title elementor-size-default\">Hohe Sicherheit (Backups, Verschl\u00fcsselung, etc.)<\/h2>\t\t\t\t<\/div>\n\t\t\t\t<\/div>\n\t\t\t\t<div class=\"elementor-element elementor-element-e43d72f elementor-widget elementor-widget-text-editor\" data-id=\"e43d72f\" data-element_type=\"widget\" data-widget_type=\"text-editor.default\">\n\t\t\t\t<div class=\"elementor-widget-container\">\n\t\t\t\t\t\t\t\t\t<p>Mehrmals t\u00e4glich werden Backups Ihrer Daten erstellt. Um auch im Extremfall (z.B. Zerst\u00f6rung des Rechenzentrums durch ein Erdbeben) einen Datenverlust zu vermeiden, werden die verschl\u00fcsselten Backups in mehreren Rechenzentren gespeichert. Alle Daten\u00fcbertragungen zwischen Nutzern und Servern sind verschl\u00fcsselt.<\/p>\t\t\t\t\t\t\t\t<\/div>\n\t\t\t\t<\/div>\n\t\t\t\t<div class=\"elementor-element elementor-element-e02d5e9 elementor-widget elementor-widget-heading\" data-id=\"e02d5e9\" data-element_type=\"widget\" data-widget_type=\"heading.default\">\n\t\t\t\t<div class=\"elementor-widget-container\">\n\t\t\t\t\t<h4 class=\"elementor-heading-title elementor-size-default\">Ihre Vorteile<\/h4>\t\t\t\t<\/div>\n\t\t\t\t<\/div>\n\t\t\t\t<div class=\"elementor-element elementor-element-0273100 elementor-widget elementor-widget-text-editor\" data-id=\"0273100\" data-element_type=\"widget\" data-widget_type=\"text-editor.default\">\n\t\t\t\t<div class=\"elementor-widget-container\">\n\t\t\t\t\t\t\t\t\t<ul><li>Backups alle 3 Stunden<\/li><li>Sichere Verschl\u00fcsselung<\/li><li><span style=\"font-weight: 400;\">Virenscan aller Dateien<\/span><\/li><\/ul>\t\t\t\t\t\t\t\t<\/div>\n\t\t\t\t<\/div>\n\t\t\t\t<div class=\"elementor-element elementor-element-bfdeecb elementor-widget elementor-widget-heading\" data-id=\"bfdeecb\" data-element_type=\"widget\" data-widget_type=\"heading.default\">\n\t\t\t\t<div class=\"elementor-widget-container\">\n\t\t\t\t\t<span class=\"elementor-heading-title elementor-size-default\"><a href=\"https:\/\/www.dev-dualoo.ch\/de\/rechtliches\/technische-und-organisatorische-massnahmen\/\" target=\"_blank\">Technische und organisatorische Massnahmen &gt;<\/a><\/span>\t\t\t\t<\/div>\n\t\t\t\t<\/div>\n\t\t\t\t<\/div>\n\t\t<div class=\"elementor-element elementor-element-1be54f2 e-con-full e-flex e-con e-child\" data-id=\"1be54f2\" data-element_type=\"container\">\n\t\t\t\t<div class=\"elementor-element elementor-element-187148d elementor-widget elementor-widget-heading\" data-id=\"187148d\" data-element_type=\"widget\" data-widget_type=\"heading.default\">\n\t\t\t\t<div class=\"elementor-widget-container\">\n\t\t\t\t\t<h2 class=\"elementor-heading-title elementor-size-default\">2-Faktor-Authentifizierung<\/h2>\t\t\t\t<\/div>\n\t\t\t\t<\/div>\n\t\t\t\t<div class=\"elementor-element elementor-element-e9baebd elementor-widget elementor-widget-text-editor\" data-id=\"e9baebd\" data-element_type=\"widget\" data-widget_type=\"text-editor.default\">\n\t\t\t\t<div class=\"elementor-widget-container\">\n\t\t\t\t\t\t\t\t\t<p>Erh\u00f6hen Sie die Sicherheit Ihres Dualoo-Logins mit der Zwei-Faktor-Authentifizierung. W\u00e4hlen Sie, ob diese Massnahme f\u00fcr einzelne Benutzer*innen oder verpflichtend f\u00fcr alle gelten soll, je nach Ihren IT-Richtlinien.<\/p>\t\t\t\t\t\t\t\t<\/div>\n\t\t\t\t<\/div>\n\t\t\t\t<div class=\"elementor-element elementor-element-244f67a elementor-widget elementor-widget-heading\" data-id=\"244f67a\" data-element_type=\"widget\" data-widget_type=\"heading.default\">\n\t\t\t\t<div class=\"elementor-widget-container\">\n\t\t\t\t\t<h4 class=\"elementor-heading-title elementor-size-default\">Ihre Vorteile<\/h4>\t\t\t\t<\/div>\n\t\t\t\t<\/div>\n\t\t\t\t<div class=\"elementor-element elementor-element-accb34c elementor-widget elementor-widget-text-editor\" data-id=\"accb34c\" data-element_type=\"widget\" data-widget_type=\"text-editor.default\">\n\t\t\t\t<div class=\"elementor-widget-container\">\n\t\t\t\t\t\t\t\t\t<ul><li>2-Faktor-Authentifizierung einrichten<\/li><li>2FA f\u00fcr alle Konten erzwingen<\/li><li>Login-Sicherheit erh\u00f6hen<\/li><\/ul>\t\t\t\t\t\t\t\t<\/div>\n\t\t\t\t<\/div>\n\t\t\t\t<div class=\"elementor-element elementor-element-53ceaf5 elementor-widget elementor-widget-spacer\" data-id=\"53ceaf5\" data-element_type=\"widget\" data-widget_type=\"spacer.default\">\n\t\t\t\t<div class=\"elementor-widget-container\">\n\t\t\t\t\t\t\t<div class=\"elementor-spacer\">\n\t\t\t<div class=\"elementor-spacer-inner\"><\/div>\n\t\t<\/div>\n\t\t\t\t\t\t<\/div>\n\t\t\t\t<\/div>\n\t\t\t\t<\/div>\n\t\t\t\t\t<\/div>\n\t\t\t\t<\/div>\n\t\t\t\t<\/div>\n\t\t","protected":false},"excerpt":{"rendered":"<p>Ihre Daten in sicheren H\u00e4nden Effizientes Zugriffsmanagement und umfassende Sicherheitsvorkehrungen sind entscheidend f\u00fcr den Schutz sensibler Daten. Unsere Funktionen wie 2-Faktor-Authentifizierung und Verschl\u00fcsselung sorgen daf\u00fcr, dass Ihre Daten jederzeit gesch\u00fctzt sind und nur berechtigte Personen darauf zugreifen k\u00f6nnen. Schaffen Sie einen sicheren Rahmen f\u00fcr Ihre Rekrutierungsprozesse. Benutzerrechte und Rollen Dualoo erm\u00f6glicht eine pr\u00e4zise Rechtevergabe basierend [&hellip;]<\/p>\n","protected":false},"author":3,"featured_media":0,"parent":26519,"menu_order":0,"comment_status":"closed","ping_status":"closed","template":"","meta":{"_acf_changed":false,"inline_featured_image":false,"footnotes":""},"page-category":[60],"page-type":[79],"wf_page_folders":[99,62],"class_list":["post-26375","page","type-page","status-publish","hentry","page-category-individualisieren","page-type-feature-page"],"acf":[],"yoast_head":"<!-- This site is optimized with the Yoast SEO Premium plugin v26.2 (Yoast SEO v26.6) - https:\/\/yoast.com\/wordpress\/plugins\/seo\/ -->\n<title>Sicherheit &amp; Berechtigungen - Dualoo<\/title>\n<meta name=\"description\" content=\"Mit Dualoo sichern Sie Ihre Rekrutierungsprozesse \u2013 dank kontrolliertem Zugriffsmanagement, Verschl\u00fcsselung und Backups.\" \/>\n<meta name=\"robots\" content=\"noindex, follow, max-snippet:-1, max-image-preview:large, max-video-preview:-1\" \/>\n<meta property=\"og:locale\" content=\"de_DE\" \/>\n<meta property=\"og:type\" content=\"article\" \/>\n<meta property=\"og:title\" content=\"Sicherheit &amp; Berechtigungen\" \/>\n<meta property=\"og:description\" content=\"Mit Dualoo sichern Sie Ihre Rekrutierungsprozesse \u2013 dank kontrolliertem Zugriffsmanagement, Verschl\u00fcsselung und Backups.\" \/>\n<meta property=\"og:url\" content=\"https:\/\/www.dev-dualoo.ch\/de\/funktionen\/sicherheit-und-berechtigungen\/\" \/>\n<meta property=\"og:site_name\" content=\"Dualoo\" \/>\n<meta property=\"article:modified_time\" content=\"2025-11-18T16:07:15+00:00\" \/>\n<meta property=\"og:image\" content=\"https:\/\/www.dev-dualoo.ch\/wp-content\/uploads\/2025\/03\/sicherheit-und-berechtigungen.webp\" \/>\n<meta name=\"twitter:card\" content=\"summary_large_image\" \/>\n<meta name=\"twitter:label1\" content=\"Gesch\u00e4tzte Lesezeit\" \/>\n\t<meta name=\"twitter:data1\" content=\"2\u00a0Minuten\" \/>\n<script type=\"application\/ld+json\" class=\"yoast-schema-graph\">{\"@context\":\"https:\/\/schema.org\",\"@graph\":[{\"@type\":\"WebPage\",\"@id\":\"https:\/\/www.dev-dualoo.ch\/de\/funktionen\/sicherheit-und-berechtigungen\/\",\"url\":\"https:\/\/www.dev-dualoo.ch\/de\/funktionen\/sicherheit-und-berechtigungen\/\",\"name\":\"Sicherheit &amp; Berechtigungen - Dualoo\",\"isPartOf\":{\"@id\":\"https:\/\/www.dev-dualoo.ch\/de\/#website\"},\"primaryImageOfPage\":{\"@id\":\"https:\/\/www.dev-dualoo.ch\/de\/funktionen\/sicherheit-und-berechtigungen\/#primaryimage\"},\"image\":{\"@id\":\"https:\/\/www.dev-dualoo.ch\/de\/funktionen\/sicherheit-und-berechtigungen\/#primaryimage\"},\"thumbnailUrl\":\"https:\/\/www.dev-dualoo.ch\/wp-content\/uploads\/2025\/03\/sicherheit-und-berechtigungen.webp\",\"datePublished\":\"2024-06-17T09:42:25+00:00\",\"dateModified\":\"2025-11-18T16:07:15+00:00\",\"description\":\"Mit Dualoo sichern Sie Ihre Rekrutierungsprozesse \u2013 dank kontrolliertem Zugriffsmanagement, Verschl\u00fcsselung und Backups.\",\"breadcrumb\":{\"@id\":\"https:\/\/www.dev-dualoo.ch\/de\/funktionen\/sicherheit-und-berechtigungen\/#breadcrumb\"},\"inLanguage\":\"de-CH\",\"potentialAction\":[{\"@type\":\"ReadAction\",\"target\":[\"https:\/\/www.dev-dualoo.ch\/de\/funktionen\/sicherheit-und-berechtigungen\/\"]}]},{\"@type\":\"ImageObject\",\"inLanguage\":\"de-CH\",\"@id\":\"https:\/\/www.dev-dualoo.ch\/de\/funktionen\/sicherheit-und-berechtigungen\/#primaryimage\",\"url\":\"https:\/\/www.dev-dualoo.ch\/wp-content\/uploads\/2025\/03\/sicherheit-und-berechtigungen.webp\",\"contentUrl\":\"https:\/\/www.dev-dualoo.ch\/wp-content\/uploads\/2025\/03\/sicherheit-und-berechtigungen.webp\"},{\"@type\":\"BreadcrumbList\",\"@id\":\"https:\/\/www.dev-dualoo.ch\/de\/funktionen\/sicherheit-und-berechtigungen\/#breadcrumb\",\"itemListElement\":[{\"@type\":\"ListItem\",\"position\":1,\"name\":\"Startseite\",\"item\":\"https:\/\/www.dev-dualoo.ch\/de\/\"},{\"@type\":\"ListItem\",\"position\":2,\"name\":\"Funktionen\",\"item\":\"https:\/\/www.dev-dualoo.ch\/de\/funktionen\/\"},{\"@type\":\"ListItem\",\"position\":3,\"name\":\"Sicherheit &amp; Berechtigungen\"}]},{\"@type\":\"WebSite\",\"@id\":\"https:\/\/www.dev-dualoo.ch\/de\/#website\",\"url\":\"https:\/\/www.dev-dualoo.ch\/de\/\",\"name\":\"Dualoo\",\"description\":\"E-Recruiting f\u00fcr KMUs\",\"publisher\":{\"@id\":\"https:\/\/www.dev-dualoo.ch\/de\/#organization\"},\"potentialAction\":[{\"@type\":\"SearchAction\",\"target\":{\"@type\":\"EntryPoint\",\"urlTemplate\":\"https:\/\/www.dev-dualoo.ch\/de\/?s={search_term_string}\"},\"query-input\":{\"@type\":\"PropertyValueSpecification\",\"valueRequired\":true,\"valueName\":\"search_term_string\"}}],\"inLanguage\":\"de-CH\"},{\"@type\":\"Organization\",\"@id\":\"https:\/\/www.dev-dualoo.ch\/de\/#organization\",\"name\":\"Dualoo\",\"url\":\"https:\/\/www.dev-dualoo.ch\/de\/\",\"logo\":{\"@type\":\"ImageObject\",\"inLanguage\":\"de-CH\",\"@id\":\"https:\/\/www.dev-dualoo.ch\/de\/#\/schema\/logo\/image\/\",\"url\":\"https:\/\/www.dev-dualoo.ch\/wp-content\/uploads\/2022\/07\/Logo-Full-Black@2x.png\",\"contentUrl\":\"https:\/\/www.dev-dualoo.ch\/wp-content\/uploads\/2022\/07\/Logo-Full-Black@2x.png\",\"width\":246,\"height\":70,\"caption\":\"Dualoo\"},\"image\":{\"@id\":\"https:\/\/www.dev-dualoo.ch\/de\/#\/schema\/logo\/image\/\"}}]}<\/script>\n<!-- \/ Yoast SEO Premium plugin. -->","yoast_head_json":{"title":"Sicherheit &amp; Berechtigungen - Dualoo","description":"Mit Dualoo sichern Sie Ihre Rekrutierungsprozesse \u2013 dank kontrolliertem Zugriffsmanagement, Verschl\u00fcsselung und Backups.","robots":{"index":"noindex","follow":"follow","max-snippet":"max-snippet:-1","max-image-preview":"max-image-preview:large","max-video-preview":"max-video-preview:-1"},"og_locale":"de_DE","og_type":"article","og_title":"Sicherheit &amp; Berechtigungen","og_description":"Mit Dualoo sichern Sie Ihre Rekrutierungsprozesse \u2013 dank kontrolliertem Zugriffsmanagement, Verschl\u00fcsselung und Backups.","og_url":"https:\/\/www.dev-dualoo.ch\/de\/funktionen\/sicherheit-und-berechtigungen\/","og_site_name":"Dualoo","article_modified_time":"2025-11-18T16:07:15+00:00","og_image":[{"url":"https:\/\/www.dev-dualoo.ch\/wp-content\/uploads\/2025\/03\/sicherheit-und-berechtigungen.webp","type":"","width":"","height":""}],"twitter_card":"summary_large_image","twitter_misc":{"Gesch\u00e4tzte Lesezeit":"2\u00a0Minuten"},"schema":{"@context":"https:\/\/schema.org","@graph":[{"@type":"WebPage","@id":"https:\/\/www.dev-dualoo.ch\/de\/funktionen\/sicherheit-und-berechtigungen\/","url":"https:\/\/www.dev-dualoo.ch\/de\/funktionen\/sicherheit-und-berechtigungen\/","name":"Sicherheit &amp; Berechtigungen - Dualoo","isPartOf":{"@id":"https:\/\/www.dev-dualoo.ch\/de\/#website"},"primaryImageOfPage":{"@id":"https:\/\/www.dev-dualoo.ch\/de\/funktionen\/sicherheit-und-berechtigungen\/#primaryimage"},"image":{"@id":"https:\/\/www.dev-dualoo.ch\/de\/funktionen\/sicherheit-und-berechtigungen\/#primaryimage"},"thumbnailUrl":"https:\/\/www.dev-dualoo.ch\/wp-content\/uploads\/2025\/03\/sicherheit-und-berechtigungen.webp","datePublished":"2024-06-17T09:42:25+00:00","dateModified":"2025-11-18T16:07:15+00:00","description":"Mit Dualoo sichern Sie Ihre Rekrutierungsprozesse \u2013 dank kontrolliertem Zugriffsmanagement, Verschl\u00fcsselung und Backups.","breadcrumb":{"@id":"https:\/\/www.dev-dualoo.ch\/de\/funktionen\/sicherheit-und-berechtigungen\/#breadcrumb"},"inLanguage":"de-CH","potentialAction":[{"@type":"ReadAction","target":["https:\/\/www.dev-dualoo.ch\/de\/funktionen\/sicherheit-und-berechtigungen\/"]}]},{"@type":"ImageObject","inLanguage":"de-CH","@id":"https:\/\/www.dev-dualoo.ch\/de\/funktionen\/sicherheit-und-berechtigungen\/#primaryimage","url":"https:\/\/www.dev-dualoo.ch\/wp-content\/uploads\/2025\/03\/sicherheit-und-berechtigungen.webp","contentUrl":"https:\/\/www.dev-dualoo.ch\/wp-content\/uploads\/2025\/03\/sicherheit-und-berechtigungen.webp"},{"@type":"BreadcrumbList","@id":"https:\/\/www.dev-dualoo.ch\/de\/funktionen\/sicherheit-und-berechtigungen\/#breadcrumb","itemListElement":[{"@type":"ListItem","position":1,"name":"Startseite","item":"https:\/\/www.dev-dualoo.ch\/de\/"},{"@type":"ListItem","position":2,"name":"Funktionen","item":"https:\/\/www.dev-dualoo.ch\/de\/funktionen\/"},{"@type":"ListItem","position":3,"name":"Sicherheit &amp; Berechtigungen"}]},{"@type":"WebSite","@id":"https:\/\/www.dev-dualoo.ch\/de\/#website","url":"https:\/\/www.dev-dualoo.ch\/de\/","name":"Dualoo","description":"E-Recruiting f\u00fcr KMUs","publisher":{"@id":"https:\/\/www.dev-dualoo.ch\/de\/#organization"},"potentialAction":[{"@type":"SearchAction","target":{"@type":"EntryPoint","urlTemplate":"https:\/\/www.dev-dualoo.ch\/de\/?s={search_term_string}"},"query-input":{"@type":"PropertyValueSpecification","valueRequired":true,"valueName":"search_term_string"}}],"inLanguage":"de-CH"},{"@type":"Organization","@id":"https:\/\/www.dev-dualoo.ch\/de\/#organization","name":"Dualoo","url":"https:\/\/www.dev-dualoo.ch\/de\/","logo":{"@type":"ImageObject","inLanguage":"de-CH","@id":"https:\/\/www.dev-dualoo.ch\/de\/#\/schema\/logo\/image\/","url":"https:\/\/www.dev-dualoo.ch\/wp-content\/uploads\/2022\/07\/Logo-Full-Black@2x.png","contentUrl":"https:\/\/www.dev-dualoo.ch\/wp-content\/uploads\/2022\/07\/Logo-Full-Black@2x.png","width":246,"height":70,"caption":"Dualoo"},"image":{"@id":"https:\/\/www.dev-dualoo.ch\/de\/#\/schema\/logo\/image\/"}}]}},"_links":{"self":[{"href":"https:\/\/www.dev-dualoo.ch\/de\/wp-json\/wp\/v2\/pages\/26375","targetHints":{"allow":["GET"]}}],"collection":[{"href":"https:\/\/www.dev-dualoo.ch\/de\/wp-json\/wp\/v2\/pages"}],"about":[{"href":"https:\/\/www.dev-dualoo.ch\/de\/wp-json\/wp\/v2\/types\/page"}],"author":[{"embeddable":true,"href":"https:\/\/www.dev-dualoo.ch\/de\/wp-json\/wp\/v2\/users\/3"}],"replies":[{"embeddable":true,"href":"https:\/\/www.dev-dualoo.ch\/de\/wp-json\/wp\/v2\/comments?post=26375"}],"version-history":[{"count":16,"href":"https:\/\/www.dev-dualoo.ch\/de\/wp-json\/wp\/v2\/pages\/26375\/revisions"}],"predecessor-version":[{"id":37721,"href":"https:\/\/www.dev-dualoo.ch\/de\/wp-json\/wp\/v2\/pages\/26375\/revisions\/37721"}],"up":[{"embeddable":true,"href":"https:\/\/www.dev-dualoo.ch\/de\/wp-json\/wp\/v2\/pages\/26519"}],"wp:attachment":[{"href":"https:\/\/www.dev-dualoo.ch\/de\/wp-json\/wp\/v2\/media?parent=26375"}],"wp:term":[{"taxonomy":"page-category","embeddable":true,"href":"https:\/\/www.dev-dualoo.ch\/de\/wp-json\/wp\/v2\/page-category?post=26375"},{"taxonomy":"page-type","embeddable":true,"href":"https:\/\/www.dev-dualoo.ch\/de\/wp-json\/wp\/v2\/page-type?post=26375"},{"taxonomy":"wf_page_folders","embeddable":true,"href":"https:\/\/www.dev-dualoo.ch\/de\/wp-json\/wp\/v2\/wf_page_folders?post=26375"}],"curies":[{"name":"wp","href":"https:\/\/api.w.org\/{rel}","templated":true}]}}